{"id":80324,"date":"2024-11-19T12:38:52","date_gmt":"2024-11-19T11:38:52","guid":{"rendered":"https:\/\/www.all-for-one.pl\/?page_id=80324"},"modified":"2026-04-01T11:14:41","modified_gmt":"2026-04-01T09:14:41","slug":"zrownowazony-rozwoj","status":"publish","type":"page","link":"https:\/\/www.all-for-one.pl\/pl\/firma\/zrownowazony-rozwoj\/","title":{"rendered":"Zr\u00f3wnowa\u017cony rozw\u00f3j"},"content":{"rendered":"","protected":false},"excerpt":{"rendered":"","protected":false},"author":10040,"featured_media":0,"parent":1793,"menu_order":0,"comment_status":"closed","ping_status":"closed","template":"","meta":{"_acf_changed":false,"inline_featured_image":false,"ep_exclude_from_search":false,"footnotes":""},"class_list":["post-80324","page","type-page","status-publish","hentry"],"acf":[],"aioseo_notices":[],"_links":{"self":[{"href":"https:\/\/www.all-for-one.pl\/pl\/wp-json\/wp\/v2\/pages\/80324","targetHints":{"allow":["GET"]}}],"collection":[{"href":"https:\/\/www.all-for-one.pl\/pl\/wp-json\/wp\/v2\/pages"}],"about":[{"href":"https:\/\/www.all-for-one.pl\/pl\/wp-json\/wp\/v2\/types\/page"}],"author":[{"embeddable":true,"href":"https:\/\/www.all-for-one.pl\/pl\/wp-json\/wp\/v2\/users\/10040"}],"replies":[{"embeddable":true,"href":"https:\/\/www.all-for-one.pl\/pl\/wp-json\/wp\/v2\/comments?post=80324"}],"version-history":[{"count":43,"href":"https:\/\/www.all-for-one.pl\/pl\/wp-json\/wp\/v2\/pages\/80324\/revisions"}],"predecessor-version":[{"id":95580,"href":"https:\/\/www.all-for-one.pl\/pl\/wp-json\/wp\/v2\/pages\/80324\/revisions\/95580"}],"up":[{"embeddable":true,"href":"https:\/\/www.all-for-one.pl\/pl\/wp-json\/wp\/v2\/pages\/1793"}],"wp:attachment":[{"href":"https:\/\/www.all-for-one.pl\/pl\/wp-json\/wp\/v2\/media?parent=80324"}],"curies":[{"name":"wp","href":"https:\/\/api.w.org\/{rel}","templated":true}]}}